{"id":20,"date":"2025-05-17T00:07:54","date_gmt":"2025-05-16T17:07:54","guid":{"rendered":"https:\/\/weflyip.com\/?page_id=20"},"modified":"2025-10-10T21:58:55","modified_gmt":"2025-10-10T14:58:55","slug":"clients","status":"publish","type":"page","link":"https:\/\/weflyip.com\/en\/clients\/","title":{"rendered":"Clients"},"content":{"rendered":"<div data-elementor-type=\"wp-page\" data-elementor-id=\"20\" class=\"elementor elementor-20\" data-elementor-post-type=\"page\">\n\t\t\t\t<div class=\"elementor-element elementor-element-f38da36 e-flex e-con-boxed e-con e-parent\" data-id=\"f38da36\" data-element_type=\"container\">\n\t\t\t\t\t<div class=\"e-con-inner\">\n\t\t<div class=\"elementor-element elementor-element-a99958b e-con-full e-flex e-con e-child\" data-id=\"a99958b\" data-element_type=\"container\" data-settings=\"{&quot;background_background&quot;:&quot;classic&quot;}\">\n\t\t\t\t<div class=\"elementor-element elementor-element-f0d4048 elementor-widget elementor-widget-html\" data-id=\"f0d4048\" data-element_type=\"widget\" data-widget_type=\"html.default\">\n\t\t\t\t<div class=\"elementor-widget-container\">\n\t\t\t\t\t<div class=\"hero-overlay\">\r\n  <h1>Wefly is proud to accompany reputable <br> brands and organizations<\/h1>\r\n  <a href=\"#contact\" class=\"cta-btn\">Learn More<\/a>\r\n<\/div>\r\n\t\t\t\t<\/div>\n\t\t\t\t<\/div>\n\t\t\t\t<\/div>\n\t\t\t\t\t<\/div>\n\t\t\t\t<\/div>\n\t\t<div class=\"elementor-element elementor-element-b2924cf e-flex e-con-boxed e-con e-parent\" data-id=\"b2924cf\" data-element_type=\"container\">\n\t\t\t\t\t<div class=\"e-con-inner\">\n\t\t\t\t<div class=\"elementor-element elementor-element-7c409b1 animated-fast elementor-widget__width-initial elementor-invisible elementor-widget elementor-widget-heading\" data-id=\"7c409b1\" data-element_type=\"widget\" data-settings=\"{&quot;_animation&quot;:&quot;slideInUp&quot;,&quot;_animation_mobile&quot;:&quot;none&quot;}\" data-widget_type=\"heading.default\">\n\t\t\t\t<div class=\"elementor-widget-container\">\n\t\t\t\t\t<h2 class=\"elementor-heading-title elementor-size-default\">Throughout its development journey, WEFLY has had the honor of working with numerous domestic and international businesses and organizations across diverse industries \u2014 from manufacturing, construction, and commerce to technology, education, and healthcare. The trust of our clients stands as a testament to WEFLY\u2019s expertise, dedication, and enduring commitment to partnership.<\/h2>\t\t\t\t<\/div>\n\t\t\t\t<\/div>\n\t\t\t\t\t<\/div>\n\t\t\t\t<\/div>\n\t\t<div class=\"elementor-element elementor-element-354e072 e-flex e-con-boxed e-con e-parent\" data-id=\"354e072\" data-element_type=\"container\" data-settings=\"{&quot;animation_mobile&quot;:&quot;fadeInUp&quot;}\">\n\t\t\t\t\t<div class=\"e-con-inner\">\n\t\t\t\t<div class=\"elementor-element elementor-element-90b9244 elementor-widget__width-initial animated-fast elementor-invisible elementor-widget elementor-widget-heading\" data-id=\"90b9244\" data-element_type=\"widget\" data-settings=\"{&quot;_animation_mobile&quot;:&quot;slideInUp&quot;,&quot;_animation&quot;:&quot;slideInUp&quot;}\" data-widget_type=\"heading.default\">\n\t\t\t\t<div class=\"elementor-widget-container\">\n\t\t\t\t\t<h2 class=\"elementor-heading-title elementor-size-default\">Wefly\u2019s Notable Clients<\/h2>\t\t\t\t<\/div>\n\t\t\t\t<\/div>\n\t\t\t\t\t<\/div>\n\t\t\t\t<\/div>\n\t\t<div class=\"elementor-element elementor-element-4b351a6 e-flex e-con-boxed e-con e-parent\" data-id=\"4b351a6\" data-element_type=\"container\">\n\t\t\t\t\t<div class=\"e-con-inner\">\n\t\t<div class=\"elementor-element elementor-element-a763e66 e-con-full e-flex e-con e-child\" data-id=\"a763e66\" data-element_type=\"container\">\n\t\t\t\t<div class=\"elementor-element elementor-element-7e1e9dc img-80-mobile elementor-widget elementor-widget-image\" data-id=\"7e1e9dc\" data-element_type=\"widget\" data-widget_type=\"image.default\">\n\t\t\t\t<div class=\"elementor-widget-container\">\n\t\t\t\t\t\t\t\t\t\t\t\t\t\t\t<img decoding=\"async\" src=\"https:\/\/weflyip.com\/wp-content\/uploads\/elementor\/thumbs\/stp-group-logo-1-r6q2wvemhjg52bzju0dywoy09ht6dc43zsn75qzh96.png\" title=\"stp-group-logo\" alt=\"stp-group-logo\" loading=\"lazy\" \/>\t\t\t\t\t\t\t\t\t\t\t\t\t\t\t<\/div>\n\t\t\t\t<\/div>\n\t\t\t\t<\/div>\n\t\t<div class=\"elementor-element elementor-element-28c7f5b e-con-full e-flex e-con e-child\" data-id=\"28c7f5b\" data-element_type=\"container\">\n\t\t\t\t<div class=\"elementor-element elementor-element-6f742f0 img-80-mobile elementor-widget elementor-widget-image\" data-id=\"6f742f0\" data-element_type=\"widget\" data-widget_type=\"image.default\">\n\t\t\t\t<div class=\"elementor-widget-container\">\n\t\t\t\t\t\t\t\t\t\t\t\t\t\t\t<img decoding=\"async\" src=\"https:\/\/weflyip.com\/wp-content\/uploads\/elementor\/thumbs\/TVAd_logo.svg-1-r6q30g6i0au4mn0wlrnp152imbxo4gaq9sh6u8vzp0.png\" title=\"TVAd_logo.svg\" alt=\"TVAd_logo.svg\" loading=\"lazy\" \/>\t\t\t\t\t\t\t\t\t\t\t\t\t\t\t<\/div>\n\t\t\t\t<\/div>\n\t\t\t\t<\/div>\n\t\t<div class=\"elementor-element elementor-element-4956efe e-con-full e-flex e-con e-child\" data-id=\"4956efe\" data-element_type=\"container\">\n\t\t\t\t<div class=\"elementor-element elementor-element-8ec5be9 img-80-mobile elementor-widget elementor-widget-image\" data-id=\"8ec5be9\" data-element_type=\"widget\" data-widget_type=\"image.default\">\n\t\t\t\t<div class=\"elementor-widget-container\">\n\t\t\t\t\t\t\t\t\t\t\t\t\t\t\t<img decoding=\"async\" src=\"https:\/\/weflyip.com\/wp-content\/uploads\/elementor\/thumbs\/Viettel_Post_logo.svg-1-r6q30kvowa2romalu6kw75qek304tn95sis917hws4.png\" title=\"Viettel_Post_logo.svg\" alt=\"Viettel_Post_logo.svg\" loading=\"lazy\" \/>\t\t\t\t\t\t\t\t\t\t\t\t\t\t\t<\/div>\n\t\t\t\t<\/div>\n\t\t\t\t<\/div>\n\t\t<div class=\"elementor-element elementor-element-bad4755 e-con-full e-flex e-con e-child\" data-id=\"bad4755\" data-element_type=\"container\">\n\t\t\t\t<div class=\"elementor-element elementor-element-6999201 elementor-widget-mobile__width-inherit img-80-mobile elementor-widget elementor-widget-image\" data-id=\"6999201\" data-element_type=\"widget\" data-widget_type=\"image.default\">\n\t\t\t\t<div class=\"elementor-widget-container\">\n\t\t\t\t\t\t\t\t\t\t\t\t\t\t\t<img decoding=\"async\" src=\"https:\/\/weflyip.com\/wp-content\/uploads\/elementor\/thumbs\/Logo_Intracom-1-r6q30w5rh97gkl7q72cbovk11i4hvfanye4tu4a8h4.png\" title=\"Logo_Intracom\" alt=\"Logo_Intracom\" loading=\"lazy\" \/>\t\t\t\t\t\t\t\t\t\t\t\t\t\t\t<\/div>\n\t\t\t\t<\/div>\n\t\t\t\t<\/div>\n\t\t<div class=\"elementor-element elementor-element-9d1e12c e-con-full e-flex e-con e-child\" data-id=\"9d1e12c\" data-element_type=\"container\">\n\t\t\t\t<div class=\"elementor-element elementor-element-91fb748 elementor-widget elementor-widget-image\" data-id=\"91fb748\" data-element_type=\"widget\" data-widget_type=\"image.default\">\n\t\t\t\t<div class=\"elementor-widget-container\">\n\t\t\t\t\t\t\t\t\t\t\t\t\t\t\t<img decoding=\"async\" width=\"100\" height=\"100\" src=\"https:\/\/weflyip.com\/wp-content\/uploads\/2025\/06\/images__1_-removebg-preview.png\" class=\"attachment-large size-large wp-image-889\" alt=\"\" \/>\t\t\t\t\t\t\t\t\t\t\t\t\t\t\t<\/div>\n\t\t\t\t<\/div>\n\t\t\t\t<\/div>\n\t\t\t\t\t<\/div>\n\t\t\t\t<\/div>\n\t\t<div class=\"elementor-element elementor-element-11efc2c e-flex e-con-boxed e-con e-parent\" data-id=\"11efc2c\" data-element_type=\"container\">\n\t\t\t\t\t<div class=\"e-con-inner\">\n\t\t<div class=\"elementor-element elementor-element-af3992b e-con-full e-flex e-con e-child\" data-id=\"af3992b\" data-element_type=\"container\">\n\t\t\t\t<div class=\"elementor-element elementor-element-bdd8854 elementor-widget-mobile__width-inherit img-80-mobile elementor-widget elementor-widget-image\" data-id=\"bdd8854\" data-element_type=\"widget\" data-widget_type=\"image.default\">\n\t\t\t\t<div class=\"elementor-widget-container\">\n\t\t\t\t\t\t\t\t\t\t\t\t\t\t\t<img decoding=\"async\" src=\"https:\/\/weflyip.com\/wp-content\/uploads\/elementor\/thumbs\/unnamed-1-1-r6q30zx4uiqebl4x1ie2mk5jnbvmloc2aowzb7h1im.png\" title=\"unnamed (1)\" alt=\"unnamed (1)\" loading=\"lazy\" \/>\t\t\t\t\t\t\t\t\t\t\t\t\t\t\t<\/div>\n\t\t\t\t<\/div>\n\t\t\t\t<\/div>\n\t\t<div class=\"elementor-element elementor-element-ce08be2 e-con-full e-flex e-con e-child\" data-id=\"ce08be2\" data-element_type=\"container\">\n\t\t\t\t<div class=\"elementor-element elementor-element-256279d elementor-widget-mobile__width-inherit img-80-mobile elementor-widget elementor-widget-image\" data-id=\"256279d\" data-element_type=\"widget\" data-widget_type=\"image.default\">\n\t\t\t\t<div class=\"elementor-widget-container\">\n\t\t\t\t\t\t\t\t\t\t\t\t\t\t\t<img decoding=\"async\" width=\"244\" height=\"40\" src=\"https:\/\/weflyip.com\/wp-content\/uploads\/2025\/06\/nxbphunu-logo-fixed-1.png\" class=\"attachment-full size-full wp-image-887\" alt=\"\" \/>\t\t\t\t\t\t\t\t\t\t\t\t\t\t\t<\/div>\n\t\t\t\t<\/div>\n\t\t\t\t<\/div>\n\t\t<div class=\"elementor-element elementor-element-1528eb5 e-con-full e-flex e-con e-child\" data-id=\"1528eb5\" data-element_type=\"container\">\n\t\t<div class=\"elementor-element elementor-element-ef43d6d e-con-full e-flex e-con e-child\" data-id=\"ef43d6d\" data-element_type=\"container\">\n\t\t\t\t<div class=\"elementor-element elementor-element-06809c5 elementor-widget-mobile__width-inherit img-80-mobile elementor-widget elementor-widget-image\" data-id=\"06809c5\" data-element_type=\"widget\" data-widget_type=\"image.default\">\n\t\t\t\t<div class=\"elementor-widget-container\">\n\t\t\t\t\t\t\t\t\t\t\t\t\t\t\t<img decoding=\"async\" width=\"113\" height=\"113\" src=\"https:\/\/weflyip.com\/wp-content\/uploads\/2025\/06\/images-3-1.png\" class=\"attachment-large size-large wp-image-884\" alt=\"\" \/>\t\t\t\t\t\t\t\t\t\t\t\t\t\t\t<\/div>\n\t\t\t\t<\/div>\n\t\t\t\t<\/div>\n\t\t\t\t<\/div>\n\t\t<div class=\"elementor-element elementor-element-9bb0948 e-con-full e-flex e-con e-child\" data-id=\"9bb0948\" data-element_type=\"container\">\n\t\t<div class=\"elementor-element elementor-element-9c39a09 e-con-full e-flex e-con e-child\" data-id=\"9c39a09\" data-element_type=\"container\">\n\t\t\t\t<div class=\"elementor-element elementor-element-7f45926 img-80-mobile elementor-widget elementor-widget-image\" data-id=\"7f45926\" data-element_type=\"widget\" data-widget_type=\"image.default\">\n\t\t\t\t<div class=\"elementor-widget-container\">\n\t\t\t\t\t\t\t\t\t\t\t\t\t\t\t<img loading=\"lazy\" decoding=\"async\" width=\"112\" height=\"112\" src=\"https:\/\/weflyip.com\/wp-content\/uploads\/2025\/06\/Logo_huyen_Lang_Giang_tinh_Bac_Giang_Viet_Nam-1.png\" class=\"attachment-large size-large wp-image-883\" alt=\"\" \/>\t\t\t\t\t\t\t\t\t\t\t\t\t\t\t<\/div>\n\t\t\t\t<\/div>\n\t\t\t\t<\/div>\n\t\t\t\t<\/div>\n\t\t\t\t\t<\/div>\n\t\t\t\t<\/div>\n\t\t<div class=\"elementor-element elementor-element-71e3e1d e-con-full e-flex e-con e-parent\" data-id=\"71e3e1d\" data-element_type=\"container\">\n\t\t<div class=\"elementor-element elementor-element-f013665 e-con-full e-flex e-con e-child\" data-id=\"f013665\" data-element_type=\"container\">\n\t\t\t\t<div class=\"elementor-element elementor-element-b5e2b0f img-80-mobile elementor-widget elementor-widget-image\" data-id=\"b5e2b0f\" data-element_type=\"widget\" data-widget_type=\"image.default\">\n\t\t\t\t<div class=\"elementor-widget-container\">\n\t\t\t\t\t\t\t\t\t\t\t\t\t\t\t<img loading=\"lazy\" decoding=\"async\" width=\"77\" height=\"77\" src=\"https:\/\/weflyip.com\/wp-content\/uploads\/2025\/06\/Logo_Son_Dong_Bac_Giang.svG-2.png\" class=\"attachment-full size-full wp-image-890\" alt=\"\" \/>\t\t\t\t\t\t\t\t\t\t\t\t\t\t\t<\/div>\n\t\t\t\t<\/div>\n\t\t\t\t<\/div>\n\t\t<div class=\"elementor-element elementor-element-ab1e31b e-con-full e-flex e-con e-child\" data-id=\"ab1e31b\" data-element_type=\"container\">\n\t\t\t\t<div class=\"elementor-element elementor-element-d0fe102 elementor-widget elementor-widget-image\" data-id=\"d0fe102\" data-element_type=\"widget\" data-widget_type=\"image.default\">\n\t\t\t\t<div class=\"elementor-widget-container\">\n\t\t\t\t\t\t\t\t\t\t\t\t\t\t\t<img loading=\"lazy\" decoding=\"async\" width=\"126\" height=\"85\" src=\"https:\/\/weflyip.com\/wp-content\/uploads\/2025\/06\/eN41p52mRTeKgE54YaiwUcbF8PmFKCK4_1695630197____8e9415411cc8aa8a9c8e56bcc1478a80-1.png\" class=\"attachment-large size-large wp-image-878\" alt=\"\" \/>\t\t\t\t\t\t\t\t\t\t\t\t\t\t\t<\/div>\n\t\t\t\t<\/div>\n\t\t\t\t<\/div>\n\t\t<div class=\"elementor-element elementor-element-385d0cc e-con-full e-flex e-con e-child\" data-id=\"385d0cc\" data-element_type=\"container\">\n\t\t\t\t<div class=\"elementor-element elementor-element-1aa47e1 img-80-mobile elementor-widget elementor-widget-image\" data-id=\"1aa47e1\" data-element_type=\"widget\" data-widget_type=\"image.default\">\n\t\t\t\t<div class=\"elementor-widget-container\">\n\t\t\t\t\t\t\t\t\t\t\t\t\t\t\t<img loading=\"lazy\" decoding=\"async\" width=\"154\" height=\"75\" src=\"https:\/\/weflyip.com\/wp-content\/uploads\/2025\/06\/cropped-IOTLink-logo-for-intro-1.png\" class=\"attachment-large size-large wp-image-877\" alt=\"\" \/>\t\t\t\t\t\t\t\t\t\t\t\t\t\t\t<\/div>\n\t\t\t\t<\/div>\n\t\t\t\t<\/div>\n\t\t<div class=\"elementor-element elementor-element-ec6a7a7 e-con-full e-flex e-con e-child\" data-id=\"ec6a7a7\" data-element_type=\"container\">\n\t\t\t\t<div class=\"elementor-element elementor-element-f81acc3 img-80-mobile elementor-widget elementor-widget-image\" data-id=\"f81acc3\" data-element_type=\"widget\" data-widget_type=\"image.default\">\n\t\t\t\t<div class=\"elementor-widget-container\">\n\t\t\t\t\t\t\t\t\t\t\t\t\t\t\t<img loading=\"lazy\" decoding=\"async\" width=\"100\" height=\"100\" src=\"https:\/\/weflyip.com\/wp-content\/uploads\/2025\/06\/1626941291723_logo-1.png\" class=\"attachment-large size-large wp-image-876\" alt=\"\" \/>\t\t\t\t\t\t\t\t\t\t\t\t\t\t\t<\/div>\n\t\t\t\t<\/div>\n\t\t\t\t<\/div>\n\t\t\t\t<\/div>\n\t\t<div class=\"elementor-element elementor-element-fcc49e8 e-flex e-con-boxed e-con e-parent\" data-id=\"fcc49e8\" data-element_type=\"container\">\n\t\t\t\t\t<div class=\"e-con-inner\">\n\t\t\t\t<div class=\"elementor-element elementor-element-b2bbc43 elementor-widget__width-initial elementor-widget elementor-widget-heading\" data-id=\"b2bbc43\" data-element_type=\"widget\" data-widget_type=\"heading.default\">\n\t\t\t\t<div class=\"elementor-widget-container\">\n\t\t\t\t\t<h2 class=\"elementor-heading-title elementor-size-default\">Extensive consulting experience across various sectors<\/h2>\t\t\t\t<\/div>\n\t\t\t\t<\/div>\n\t\t\t\t\t<\/div>\n\t\t\t\t<\/div>\n\t\t<div class=\"elementor-element elementor-element-8f218e3 e-flex e-con-boxed e-con e-parent\" data-id=\"8f218e3\" data-element_type=\"container\">\n\t\t\t\t\t<div class=\"e-con-inner\">\n\t\t\t\t<div class=\"elementor-element elementor-element-c70e6c7 elementor-widget-mobile__width-initial elementor-widget elementor-widget-html\" data-id=\"c70e6c7\" data-element_type=\"widget\" data-widget_type=\"html.default\">\n\t\t\t\t<div class=\"elementor-widget-container\">\n\t\t\t\t\t<section class=\"flipbox-grid\">\r\n  <!-- Flipbox 1: S\u1ea3n xu\u1ea5t -->\r\n  <div class=\"flipbox\">\r\n    <div class=\"flipbox-inner\">\r\n      <div class=\"flipbox-front\">\r\n        <img decoding=\"async\" src=\"https:\/\/weflyip.com\/wp-content\/uploads\/2025\/08\/kiem-tra-han-su-dung-hang-hoa-nhap-khau-16812824130421181576715-16917215468691794399474-1.svg\" alt=\"S\u1ea3n xu\u1ea5t\">\r\n        <h3>Manufacturing<\/h3>\r\n      <\/div>\r\n      <div class=\"flipbox-back\">\r\n        <p>Industrial design registration, ISO certification, patents, and utility solutions...<\/p>\r\n        <a href=\"#\" class=\"btn-flip\" onclick=\"elementorProFrontend.modules.popup.showPopup({ id: 1947 }); return false;\">Learn more<\/a>\r\n      <\/div>\r\n    <\/div>\r\n  <\/div>\r\n\r\n  <!-- Flipbox 2: X\u00e2y d\u1ef1ng -->\r\n  <div class=\"flipbox\">\r\n    <div class=\"flipbox-inner\">\r\n      <div class=\"flipbox-front\">\r\n        <img decoding=\"async\" src=\"https:\/\/weflyip.com\/wp-content\/uploads\/2025\/08\/07-1521-1.svg\" alt=\"X\u00e2y d\u1ef1ng\">\r\n        <h3>Construction - Transportation<\/h3>\r\n      <\/div>\r\n      <div class=\"flipbox-back\">\r\n        <p>Register patents, industrial designs, copyrights, and trademarks...<\/p>\r\n        <a href=\"#\" class=\"btn-flip\" onclick=\"elementorProFrontend.modules.popup.showPopup({ id: 1947 }); return false;\">Learn more<\/a>\r\n      <\/div>\r\n    <\/div>\r\n  <\/div>\r\n\r\n  <!-- Flipbox 3: H\u00e0nh ch\u00ednh -->\r\n  <div class=\"flipbox\">\r\n    <div class=\"flipbox-inner\">\r\n      <div class=\"flipbox-front\">\r\n        <img decoding=\"async\" src=\"https:\/\/weflyip.com\/wp-content\/uploads\/2025\/09\/tru-so-co-quan-hanh-chinh-nha-nuoc-1.svg\" alt=\"H\u00e0nh ch\u00ednh\">\r\n        <h3>State Administrative Agencies<\/h3>\r\n      <\/div>\r\n      <div class=\"flipbox-back\">\r\n        <p>Register copyrights, trademarks, and utility models...<\/p>\r\n        <a href=\"#\" class=\"btn-flip\" onclick=\"elementorProFrontend.modules.popup.showPopup({ id: 1947 }); return false;\">Learn more<\/a>\r\n      <\/div>\r\n    <\/div>\r\n  <\/div>\r\n\r\n  <!-- Flipbox 4: Y t\u1ebf -->\r\n  <div class=\"flipbox\">\r\n    <div class=\"flipbox-inner\">\r\n      <div class=\"flipbox-front\">\r\n        <img decoding=\"async\" src=\"https:\/\/weflyip.com\/wp-content\/uploads\/2025\/08\/duoc-pham-2.svg\" alt=\"Y t\u1ebf\">\r\n        <h3>Medical - Healthcare<\/h3>\r\n      <\/div>\r\n      <div class=\"flipbox-back\">\r\n        <p>Trademark protection for functional foods and plant protection products...<\/p>\r\n        <a href=\"#\" class=\"btn-flip\" onclick=\"elementorProFrontend.modules.popup.showPopup({ id: 1947 }); return false;\">Learn more<\/a>\r\n      <\/div>\r\n    <\/div>\r\n  <\/div>\r\n\r\n  <!-- Flipbox 5: C\u00f4ng ngh\u1ec7 -->\r\n  <div class=\"flipbox\">\r\n    <div class=\"flipbox-inner\">\r\n      <div class=\"flipbox-front\">\r\n        <img decoding=\"async\" src=\"https:\/\/weflyip.com\/wp-content\/uploads\/2025\/08\/unnamed-1.svg\" alt=\"C\u00f4ng ngh\u1ec7\">\r\n        <h3>Technology - IoT<\/h3>\r\n      <\/div>\r\n      <div class=\"flipbox-back\">\r\n        <p>Business registration, copyright, and trademark protection...<\/p>\r\n        <a href=\"#\" class=\"btn-flip\" onclick=\"elementorProFrontend.modules.popup.showPopup({ id: 1947 }); return false;\">Learn more<\/a>\r\n      <\/div>\r\n    <\/div>\r\n  <\/div>\r\n\r\n  <!-- Flipbox 6: Gi\u00e1o d\u1ee5c -->\r\n  <div class=\"flipbox\">\r\n    <div class=\"flipbox-inner\">\r\n      <div class=\"flipbox-front\">\r\n        <img decoding=\"async\" src=\"https:\/\/weflyip.com\/wp-content\/uploads\/2025\/08\/duoc-pham-1.svg\" alt=\"Gi\u00e1o d\u1ee5c\">\r\n        <h3>Education - Publishing<\/h3>\r\n      <\/div>\r\n      <div class=\"flipbox-back\">\r\n        <p>Register course copyrights, authorship, business, and trademarks...<\/p>\r\n        <a href=\"#\" class=\"btn-flip\" onclick=\"elementorProFrontend.modules.popup.showPopup({ id: 1947 }); return false;\">Learn more<\/a>\r\n      <\/div>\r\n    <\/div>\r\n  <\/div>\r\n<\/section>\r\n\t\t\t\t<\/div>\n\t\t\t\t<\/div>\n\t\t\t\t\t<\/div>\n\t\t\t\t<\/div>\n\t\t<div class=\"elementor-element elementor-element-18eb71b e-flex e-con-boxed e-con e-parent\" data-id=\"18eb71b\" data-element_type=\"container\">\n\t\t\t\t\t<div class=\"e-con-inner\">\n\t\t\t\t<div class=\"elementor-element elementor-element-f1ee2f9 elementor-widget__width-initial elementor-widget elementor-widget-heading\" data-id=\"f1ee2f9\" data-element_type=\"widget\" data-widget_type=\"heading.default\">\n\t\t\t\t<div class=\"elementor-widget-container\">\n\t\t\t\t\t<h2 class=\"elementor-heading-title elementor-size-default\">98% of clients are satisfied <br> with our services<\/h2>\t\t\t\t<\/div>\n\t\t\t\t<\/div>\n\t\t\t\t\t<\/div>\n\t\t\t\t<\/div>\n\t\t<div class=\"elementor-element elementor-element-87b1c62 e-flex e-con-boxed e-con e-parent\" data-id=\"87b1c62\" data-element_type=\"container\">\n\t\t\t\t\t<div class=\"e-con-inner\">\n\t\t\t\t<div class=\"elementor-element elementor-element-c04f17c elementor-widget elementor-widget-html\" data-id=\"c04f17c\" data-element_type=\"widget\" data-widget_type=\"html.default\">\n\t\t\t\t<div class=\"elementor-widget-container\">\n\t\t\t\t\t<!-- Font Awesome (ch\u00e8n v\u00e0o <head> n\u1ebfu ch\u01b0a c\u00f3) -->\r\n<link rel=\"stylesheet\" href=\"https:\/\/cdnjs.cloudflare.com\/ajax\/libs\/font-awesome\/6.4.0\/css\/all.min.css\">\r\n\r\n<section class=\"testimonial-section\">\r\n  <!-- Testimonial 1 -->\r\n  <div class=\"testimonial-card\">\r\n    <div class=\"testimonial-stars\">\r\n      <i class=\"fa-solid fa-star\"><\/i>\r\n      <i class=\"fa-solid fa-star\"><\/i>\r\n      <i class=\"fa-solid fa-star\"><\/i>\r\n      <i class=\"fa-solid fa-star\"><\/i>\r\n      <i class=\"fa-solid fa-star\"><\/i>\r\n    <\/div>\r\n    <p class=\"testimonial-text\">\"Dedicated responsibility and high professional expertise, with a deep understanding of our industry. We are satisfied with both the quality and the cost.\"<\/p>\r\n    <div class=\"testimonial-author\">\r\n      <img decoding=\"async\" src=\"https:\/\/weflyip.com\/wp-content\/uploads\/2025\/05\/pexels-photo-1036623-1036623-scaled.jpg\" alt=\"Mrs. Tham\">\r\n      <div>\r\n        <strong>Mrs. Tham - CEO<\/strong><br>\r\n        TKV Ha Noi\r\n      <\/div>\r\n    <\/div>\r\n  <\/div>\r\n\r\n  <!-- Testimonial 2 -->\r\n  <div class=\"testimonial-card\">\r\n    <div class=\"testimonial-stars\">\r\n      <i class=\"fa-solid fa-star\"><\/i>\r\n      <i class=\"fa-solid fa-star\"><\/i>\r\n      <i class=\"fa-solid fa-star\"><\/i>\r\n      <i class=\"fa-solid fa-star\"><\/i>\r\n      <i class=\"fa-solid fa-star-half-stroke\"><\/i>\r\n    <\/div>\r\n    <p class=\"testimonial-text\">\"We understand that trademark protection is crucial and requires proper investment to avoid risks. We chose Wefly and highly appreciate their enthusiasm.\"<\/p>\r\n    <div class=\"testimonial-author\">\r\n      <img decoding=\"async\" src=\"https:\/\/weflyip.com\/wp-content\/uploads\/2025\/05\/pexels-photo-1087735-1087735-scaled.jpg\" alt=\"Mr. Sinh\">\r\n      <div>\r\n        <strong>Mr. Sinh - CEO<\/strong><br>\r\n        S2P Global\r\n      <\/div>\r\n    <\/div>\r\n  <\/div>\r\n\r\n  <!-- Testimonial 3 -->\r\n  <div class=\"testimonial-card\">\r\n    <div class=\"testimonial-stars\">\r\n      <i class=\"fa-solid fa-star\"><\/i>\r\n      <i class=\"fa-solid fa-star\"><\/i>\r\n      <i class=\"fa-solid fa-star\"><\/i>\r\n      <i class=\"fa-solid fa-star\"><\/i>\r\n      <i class=\"fa-solid fa-star\"><\/i>\r\n    <\/div>\r\n    <p class=\"testimonial-text\">\"I chose Wefly upon a friend\u2019s recommendation and was very satisfied with the results. The processing speed exceeded my expectations.\"<\/p>\r\n    <div class=\"testimonial-author\">\r\n      <img decoding=\"async\" src=\"https:\/\/weflyip.com\/wp-content\/uploads\/2025\/05\/g0fbce419487fb465add3ba1a5db9963f96de886e21bb3584077189043108ae8bc389af99e0b90a6badf9b2ef18fe1c4200eb80dd29fc0d907534c3366dac6c0e_1280-3051614.jpg\" alt=\"Mrs. Trang\">\r\n      <div>\r\n        <strong>Mrs. Trang - CEO<\/strong><br>\r\n        Thien Thanh Global\r\n      <\/div>\r\n    <\/div>\r\n  <\/div>\r\n<\/section>\r\n\t\t\t\t<\/div>\n\t\t\t\t<\/div>\n\t\t\t\t\t<\/div>\n\t\t\t\t<\/div>\n\t\t<div class=\"elementor-element elementor-element-afe21ef e-flex e-con-boxed e-con e-parent\" data-id=\"afe21ef\" data-element_type=\"container\">\n\t\t\t\t\t<div class=\"e-con-inner\">\n\t\t\t\t<div class=\"elementor-element elementor-element-20625d9 elementor-align-center elementor-tablet-align-center elementor-mobile-align-center elementor-widget__width-inherit elementor-widget elementor-widget-button\" data-id=\"20625d9\" data-element_type=\"widget\" data-widget_type=\"button.default\">\n\t\t\t\t<div class=\"elementor-widget-container\">\n\t\t\t\t\t\t\t\t\t<div class=\"elementor-button-wrapper\">\n\t\t\t\t\t<a class=\"elementor-button elementor-button-link elementor-size-sm elementor-animation-grow\" href=\"#elementor-action%3Aaction%3Dpopup%3Aopen%26settings%3DeyJpZCI6IjE5NDciLCJ0b2dnbGUiOmZhbHNlfQ%3D%3D\">\n\t\t\t\t\t\t<span class=\"elementor-button-content-wrapper\">\n\t\t\t\t\t\t\t\t\t<span class=\"elementor-button-text\">Contact Wefly<\/span>\n\t\t\t\t\t<\/span>\n\t\t\t\t\t<\/a>\n\t\t\t\t<\/div>\n\t\t\t\t\t\t\t\t<\/div>\n\t\t\t\t<\/div>\n\t\t\t\t\t<\/div>\n\t\t\t\t<\/div>\n\t\t\t\t<\/div>","protected":false},"excerpt":{"rendered":"<p>Wefly t\u1ef1 h\u00e0o \u0111\u1ed3ng h\u00e0nh c\u00f9ng nh\u1eefng th\u01b0\u01a1ng hi\u1ec7u v\u00e0 t\u1ed5 ch\u1ee9c uy t\u00edn T\u00ecm hi\u1ec3u ngay Trong su\u1ed1t h\u00e0nh tr\u00ecnh ph\u00e1t tri\u1ec3n, WEFLY \u0111\u00e3 vinh d\u1ef1 \u0111\u01b0\u1ee3c \u0111\u1ed3ng h\u00e0nh v\u1edbi nhi\u1ec1u doanh nghi\u1ec7p, t\u1ed5 ch\u1ee9c trong v\u00e0 ngo\u00e0i n\u01b0\u1edbc, tr\u1ea3i d\u00e0i tr\u00ean nhi\u1ec1u l\u0129nh v\u1ef1c: t\u1eeb s\u1ea3n xu\u1ea5t, x\u00e2y d\u1ef1ng, th\u01b0\u01a1ng m\u1ea1i, c\u00f4ng ngh\u1ec7 [&hellip;]<\/p>","protected":false},"author":1,"featured_media":0,"parent":0,"menu_order":0,"comment_status":"closed","ping_status":"closed","template":"","meta":{"inline_featured_image":false,"footnotes":""},"class_list":["post-20","page","type-page","status-publish","hentry"],"_links":{"self":[{"href":"https:\/\/weflyip.com\/en\/wp-json\/wp\/v2\/pages\/20","targetHints":{"allow":["GET"]}}],"collection":[{"href":"https:\/\/weflyip.com\/en\/wp-json\/wp\/v2\/pages"}],"about":[{"href":"https:\/\/weflyip.com\/en\/wp-json\/wp\/v2\/types\/page"}],"author":[{"embeddable":true,"href":"https:\/\/weflyip.com\/en\/wp-json\/wp\/v2\/users\/1"}],"replies":[{"embeddable":true,"href":"https:\/\/weflyip.com\/en\/wp-json\/wp\/v2\/comments?post=20"}],"version-history":[{"count":121,"href":"https:\/\/weflyip.com\/en\/wp-json\/wp\/v2\/pages\/20\/revisions"}],"predecessor-version":[{"id":2144,"href":"https:\/\/weflyip.com\/en\/wp-json\/wp\/v2\/pages\/20\/revisions\/2144"}],"wp:attachment":[{"href":"https:\/\/weflyip.com\/en\/wp-json\/wp\/v2\/media?parent=20"}],"curies":[{"name":"wp","href":"https:\/\/api.w.org\/{rel}","templated":true}]}}