{"id":63,"date":"2025-05-17T07:53:15","date_gmt":"2025-05-17T00:53:15","guid":{"rendered":"https:\/\/weflyip.com\/?page_id=63"},"modified":"2025-10-19T18:34:20","modified_gmt":"2025-10-19T11:34:20","slug":"ve-wefly","status":"publish","type":"page","link":"https:\/\/weflyip.com\/zh\/ve-wefly\/","title":{"rendered":"\u5173\u4e8eWefly"},"content":{"rendered":"<div data-elementor-type=\"wp-page\" data-elementor-id=\"63\" class=\"elementor elementor-63\" data-elementor-post-type=\"page\">\n\t\t\t\t<div class=\"elementor-element elementor-element-8df1bd3 only-desktop e-flex e-con-boxed e-con e-parent\" data-id=\"8df1bd3\" data-element_type=\"container\">\n\t\t\t\t\t<div class=\"e-con-inner\">\n\t\t<div class=\"elementor-element elementor-element-b13cab1 e-con-full e-flex e-con e-child\" data-id=\"b13cab1\" data-element_type=\"container\" data-settings=\"{&quot;background_background&quot;:&quot;classic&quot;}\">\n\t\t\t\t<div class=\"elementor-element elementor-element-f7998b9 elementor-widget elementor-widget-html\" data-id=\"f7998b9\" data-element_type=\"widget\" data-widget_type=\"html.default\">\n\t\t\t\t<div class=\"elementor-widget-container\">\n\t\t\t\t\t<div class=\"hero-overlay\">\r\n  <h1>\u8d8a\u5357\u53ca\u56fd\u9645\u5e02\u573a\u7684<br>\u77e5\u8bc6\u4ea7\u6743\u4e13\u5bb6<\/h1>\r\n  <a href=\"#\" class=\"cta-btn\" onclick=\"elementorProFrontend.modules.popup.showPopup({ id: 1947 }); return false;\"> \u7acb\u5373\u4e86\u89e3<\/a>\r\n<\/div>\r\n\t\t\t\t<\/div>\n\t\t\t\t<\/div>\n\t\t\t\t<\/div>\n\t\t\t\t\t<\/div>\n\t\t\t\t<\/div>\n\t\t<div class=\"elementor-element elementor-element-1cf807a e-flex e-con-boxed e-con e-parent\" data-id=\"1cf807a\" data-element_type=\"container\" data-settings=\"{&quot;background_background&quot;:&quot;classic&quot;}\">\n\t\t\t\t\t<div class=\"e-con-inner\">\n\t\t\t\t<div class=\"elementor-element elementor-element-671daf0 elementor-widget__width-initial elementor-widget elementor-widget-heading\" data-id=\"671daf0\" data-element_type=\"widget\" data-widget_type=\"heading.default\">\n\t\t\t\t<div class=\"elementor-widget-container\">\n\t\t\t\t\t<h2 class=\"elementor-heading-title elementor-size-default\">\u4fdd\u62a4\u4f01\u4e1a \u00b7 \u6210\u5c31\u957f\u8fdc\u6210\u529f<\/h2>\t\t\t\t<\/div>\n\t\t\t\t<\/div>\n\t\t\t\t\t<\/div>\n\t\t\t\t<\/div>\n\t\t<div class=\"elementor-element elementor-element-0840b1f e-flex e-con-boxed e-con e-parent\" data-id=\"0840b1f\" data-element_type=\"container\">\n\t\t\t\t\t<div class=\"e-con-inner\">\n\t\t<div class=\"elementor-element elementor-element-100eef1 e-con-full e-flex e-con e-child\" data-id=\"100eef1\" data-element_type=\"container\">\n\t\t\t\t<div class=\"elementor-element elementor-element-f995ec2 elementor-widget elementor-widget-image\" data-id=\"f995ec2\" data-element_type=\"widget\" data-widget_type=\"image.default\">\n\t\t\t\t<div class=\"elementor-widget-container\">\n\t\t\t\t\t\t\t\t\t\t\t\t\t\t\t<img fetchpriority=\"high\" decoding=\"async\" width=\"430\" height=\"430\" src=\"https:\/\/weflyip.com\/wp-content\/uploads\/2025\/05\/anh-vuong-1.png\" class=\"attachment-full size-full wp-image-617\" alt=\"\" srcset=\"https:\/\/weflyip.com\/wp-content\/uploads\/2025\/05\/anh-vuong-1.png 430w, https:\/\/weflyip.com\/wp-content\/uploads\/2025\/05\/anh-vuong-1-300x300.png 300w, https:\/\/weflyip.com\/wp-content\/uploads\/2025\/05\/anh-vuong-1-150x150.png 150w\" sizes=\"(max-width: 430px) 100vw, 430px\" \/>\t\t\t\t\t\t\t\t\t\t\t\t\t\t\t<\/div>\n\t\t\t\t<\/div>\n\t\t\t\t<\/div>\n\t\t<div class=\"elementor-element elementor-element-f6c2861 e-con-full e-flex e-con e-child\" data-id=\"f6c2861\" data-element_type=\"container\">\n\t\t\t\t<div class=\"elementor-element elementor-element-52aad98 elementor-widget elementor-widget-heading\" data-id=\"52aad98\" data-element_type=\"widget\" data-widget_type=\"heading.default\">\n\t\t\t\t<div class=\"elementor-widget-container\">\n\t\t\t\t\t<h3 class=\"elementor-heading-title elementor-size-default\">\u6b66\u6c0f\u6599 \u2013 Wefly \u521b\u59cb\u4eba\u517c\u9996\u5e2d\u6267\u884c\u5b98<\/h3>\t\t\t\t<\/div>\n\t\t\t\t<\/div>\n\t\t\t\t<div class=\"elementor-element elementor-element-ec41aa3 elementor-widget-mobile__width-initial elementor-widget elementor-widget-text-editor\" data-id=\"ec41aa3\" data-element_type=\"widget\" data-widget_type=\"text-editor.default\">\n\t\t\t\t<div class=\"elementor-widget-container\">\n\t\t\t\t\t\t\t\t\t<p>\u201c\u5728\u8d85\u8fc712\u5e74\u7684\u77e5\u8bc6\u4ea7\u6743\u54a8\u8be2\u4e0e\u7ef4\u6743\u7ecf\u9a8c\u4e2d\uff0c\u6211\u966a\u4f34\u5ba2\u6237\u4ece\u4f01\u4e1a\u6210\u7acb\u3001\u5546\u6807\u6ce8\u518c\u5230\u8fd0\u8425\u6cd5\u5f8b\u54a8\u8be2\u53ca\u56fd\u9645\u6295\u8d44\u3002<\/p><p>\u6211\u4ee5\u4e00\u6761\u4e0d\u53d8\u7684\u539f\u5219\u5efa\u7acb\u4e86Wefly\uff1a\u5f85\u4eba\u771f\u8bda\uff0c\u54a8\u8be2\u8bda\u4fe1\uff0c\u5171\u62c5\u98ce\u9669\u3002\u6211\u76f8\u4fe1\uff0c\u7a33\u56fa\u7684\u6cd5\u5f8b\u57fa\u7840\u662f\u4f01\u4e1a\u53ef\u6301\u7eed\u53d1\u5c55\u5e76\u8d70\u5411\u56fd\u9645\u821e\u53f0\u7684\u524d\u63d0\u6761\u4ef6\u3002<\/p><p>\u51ed\u501f\u656c\u4e1a\u3001\u4e13\u4e1a\u4e0e\u575a\u5b9a\u627f\u8bfa\uff0c\u6211\u548cWEFLY\u56e2\u961f\u968f\u65f6\u51c6\u5907\u6210\u4e3a\u503c\u5f97\u4fe1\u8d56\u7684\u6cd5\u5f8b\u62a4\u76fe\uff0c\u4fdd\u62a4\u5ba2\u6237\u8d44\u4ea7\u5e76\u4f34\u968f\u5176\u957f\u671f\u6210\u529f\u3002\u201d<\/p>\t\t\t\t\t\t\t\t<\/div>\n\t\t\t\t<\/div>\n\t\t\t\t<\/div>\n\t\t\t\t\t<\/div>\n\t\t\t\t<\/div>\n\t\t<div class=\"elementor-element elementor-element-525a41e e-flex e-con-boxed e-con e-parent\" data-id=\"525a41e\" data-element_type=\"container\">\n\t\t\t\t\t<div class=\"e-con-inner\">\n\t\t<div class=\"elementor-element elementor-element-3fac0c8 e-con-full e-flex e-con e-child\" data-id=\"3fac0c8\" data-element_type=\"container\" data-settings=\"{&quot;background_background&quot;:&quot;classic&quot;}\">\n\t\t\t\t<div class=\"elementor-element elementor-element-20ae5d1 elementor-view-stacked elementor-shape-circle elementor-widget elementor-widget-icon\" data-id=\"20ae5d1\" data-element_type=\"widget\" data-widget_type=\"icon.default\">\n\t\t\t\t<div class=\"elementor-widget-container\">\n\t\t\t\t\t\t\t<div class=\"elementor-icon-wrapper\">\n\t\t\t<div class=\"elementor-icon\">\n\t\t\t<svg aria-hidden=\"true\" class=\"e-font-icon-svg e-fas-fist-raised\" viewbox=\"0 0 384 512\" xmlns=\"http:\/\/www.w3.org\/2000\/svg\"><path d=\"M255.98 160V16c0-8.84-7.16-16-16-16h-32c-8.84 0-16 7.16-16 16v146.93c5.02-1.78 10.34-2.93 15.97-2.93h48.03zm128 95.99c-.01-35.34-28.66-63.99-63.99-63.99H207.85c-8.78 0-15.9 7.07-15.9 15.85v.56c0 26.27 21.3 47.59 47.57 47.59h35.26c9.68 0 13.2 3.58 13.2 8v16.2c0 4.29-3.59 7.78-7.88 8-44.52 2.28-64.16 24.71-96.05 72.55l-6.31 9.47a7.994 7.994 0 0 1-11.09 2.22l-13.31-8.88a7.994 7.994 0 0 1-2.22-11.09l6.31-9.47c15.73-23.6 30.2-43.26 47.31-58.08-17.27-5.51-31.4-18.12-38.87-34.45-6.59 3.41-13.96 5.52-21.87 5.52h-32c-12.34 0-23.49-4.81-32-12.48C71.48 251.19 60.33 256 48 256H16c-5.64 0-10.97-1.15-16-2.95v77.93c0 33.95 13.48 66.5 37.49 90.51L63.99 448v64h255.98v-63.96l35.91-35.92A96.035 96.035 0 0 0 384 344.21l-.02-88.22zm-32.01-90.09V48c0-8.84-7.16-16-16-16h-32c-8.84 0-16 7.16-16 16v112h32c11.28 0 21.94 2.31 32 5.9zM16 224h32c8.84 0 16-7.16 16-16V80c0-8.84-7.16-16-16-16H16C7.16 64 0 71.16 0 80v128c0 8.84 7.16 16 16 16zm95.99 0h32c8.84 0 16-7.16 16-16V48c0-8.84-7.16-16-16-16h-32c-8.84 0-16 7.16-16 16v160c0 8.84 7.16 16 16 16z\"><\/path><\/svg>\t\t\t<\/div>\n\t\t<\/div>\n\t\t\t\t\t\t<\/div>\n\t\t\t\t<\/div>\n\t\t\t\t<div class=\"elementor-element elementor-element-e9e210d elementor-widget elementor-widget-heading\" data-id=\"e9e210d\" data-element_type=\"widget\" data-widget_type=\"heading.default\">\n\t\t\t\t<div class=\"elementor-widget-container\">\n\t\t\t\t\t<h2 class=\"elementor-heading-title elementor-size-default\">\u613f\u666f<\/h2>\t\t\t\t<\/div>\n\t\t\t\t<\/div>\n\t\t\t\t<div class=\"elementor-element elementor-element-ba1e11c elementor-widget elementor-widget-text-editor\" data-id=\"ba1e11c\" data-element_type=\"widget\" data-widget_type=\"text-editor.default\">\n\t\t\t\t<div class=\"elementor-widget-container\">\n\t\t\t\t\t\t\t\t\t<p>\u52302030\u5e74\uff0cWEFLY\u5c06\u6210\u4e3a\u8d8a\u5357\u9886\u5148\u7684\u56fd\u9645\u5546\u6807\u6ce8\u518c\u670d\u52a1\u673a\u6784\uff0c\u00a0<span style=\"letter-spacing: 0px;\">\u4e13\u6ce8\u4e8e\u5c06\u54c1\u724c\u5f71\u54cd\u529b\u62d3\u5c55\u81f3\u5168\u7403\u3002<\/span><\/p>\t\t\t\t\t\t\t\t<\/div>\n\t\t\t\t<\/div>\n\t\t\t\t<\/div>\n\t\t<div class=\"elementor-element elementor-element-346e658 e-con-full e-flex e-con e-child\" data-id=\"346e658\" data-element_type=\"container\" data-settings=\"{&quot;background_background&quot;:&quot;classic&quot;}\">\n\t\t\t\t<div class=\"elementor-element elementor-element-467763e elementor-view-stacked elementor-shape-circle elementor-widget elementor-widget-icon\" data-id=\"467763e\" data-element_type=\"widget\" data-widget_type=\"icon.default\">\n\t\t\t\t<div class=\"elementor-widget-container\">\n\t\t\t\t\t\t\t<div class=\"elementor-icon-wrapper\">\n\t\t\t<div class=\"elementor-icon\">\n\t\t\t<svg aria-hidden=\"true\" class=\"e-font-icon-svg e-fas-fist-raised\" viewbox=\"0 0 384 512\" xmlns=\"http:\/\/www.w3.org\/2000\/svg\"><path d=\"M255.98 160V16c0-8.84-7.16-16-16-16h-32c-8.84 0-16 7.16-16 16v146.93c5.02-1.78 10.34-2.93 15.97-2.93h48.03zm128 95.99c-.01-35.34-28.66-63.99-63.99-63.99H207.85c-8.78 0-15.9 7.07-15.9 15.85v.56c0 26.27 21.3 47.59 47.57 47.59h35.26c9.68 0 13.2 3.58 13.2 8v16.2c0 4.29-3.59 7.78-7.88 8-44.52 2.28-64.16 24.71-96.05 72.55l-6.31 9.47a7.994 7.994 0 0 1-11.09 2.22l-13.31-8.88a7.994 7.994 0 0 1-2.22-11.09l6.31-9.47c15.73-23.6 30.2-43.26 47.31-58.08-17.27-5.51-31.4-18.12-38.87-34.45-6.59 3.41-13.96 5.52-21.87 5.52h-32c-12.34 0-23.49-4.81-32-12.48C71.48 251.19 60.33 256 48 256H16c-5.64 0-10.97-1.15-16-2.95v77.93c0 33.95 13.48 66.5 37.49 90.51L63.99 448v64h255.98v-63.96l35.91-35.92A96.035 96.035 0 0 0 384 344.21l-.02-88.22zm-32.01-90.09V48c0-8.84-7.16-16-16-16h-32c-8.84 0-16 7.16-16 16v112h32c11.28 0 21.94 2.31 32 5.9zM16 224h32c8.84 0 16-7.16 16-16V80c0-8.84-7.16-16-16-16H16C7.16 64 0 71.16 0 80v128c0 8.84 7.16 16 16 16zm95.99 0h32c8.84 0 16-7.16 16-16V48c0-8.84-7.16-16-16-16h-32c-8.84 0-16 7.16-16 16v160c0 8.84 7.16 16 16 16z\"><\/path><\/svg>\t\t\t<\/div>\n\t\t<\/div>\n\t\t\t\t\t\t<\/div>\n\t\t\t\t<\/div>\n\t\t\t\t<div class=\"elementor-element elementor-element-3d6b747 elementor-widget elementor-widget-heading\" data-id=\"3d6b747\" data-element_type=\"widget\" data-widget_type=\"heading.default\">\n\t\t\t\t<div class=\"elementor-widget-container\">\n\t\t\t\t\t<h2 class=\"elementor-heading-title elementor-size-default\">\u4f7f\u547d<\/h2>\t\t\t\t<\/div>\n\t\t\t\t<\/div>\n\t\t\t\t<div class=\"elementor-element elementor-element-b90ac96 elementor-widget elementor-widget-text-editor\" data-id=\"b90ac96\" data-element_type=\"widget\" data-widget_type=\"text-editor.default\">\n\t\t\t\t<div class=\"elementor-widget-container\">\n\t\t\t\t\t\t\t\t\t<p>WEFLY\u7684\u4f7f\u547d\u662f\u6210\u4e3a\u503c\u5f97\u4fe1\u8d56\u7684\u6cd5\u5f8b\u62a4\u76fe\uff0c\u00a0<span style=\"letter-spacing: 0px;\">\u957f\u671f\u966a\u4f34\u5ba2\u6237\u4fdd\u62a4\u77e5\u8bc6\u4ea7\u6743\uff0c<\/span><span style=\"letter-spacing: 0px;\"> \u00a0\u4ece\u800c\u5de9\u56fa\u4e2a\u4eba\u4e0e\u4f01\u4e1a\u7684\u53d1\u5c55\u6f5c\u529b\u3002<\/span><\/p>\t\t\t\t\t\t\t\t<\/div>\n\t\t\t\t<\/div>\n\t\t\t\t<\/div>\n\t\t\t\t\t<\/div>\n\t\t\t\t<\/div>\n\t\t<div class=\"elementor-element elementor-element-2be2487 e-flex e-con-boxed e-con e-parent\" data-id=\"2be2487\" data-element_type=\"container\">\n\t\t\t\t\t<div class=\"e-con-inner\">\n\t\t\t\t<div class=\"elementor-element elementor-element-8645003 elementor-widget elementor-widget-html\" data-id=\"8645003\" data-element_type=\"widget\" data-widget_type=\"html.default\">\n\t\t\t\t<div class=\"elementor-widget-container\">\n\t\t\t\t\t<section class=\"core-values\">\r\n  <div class=\"cv-bg\"><\/div>\r\n  <div class=\"cv-inner\">\r\n    <h2 class=\"cv-title\">WEFLY \u7684\u6838\u5fc3\u4ef7\u503c<\/h2>\r\n\r\n    <div class=\"cv-grid\">\r\n      <!-- Card 1 -->\r\n      <article class=\"core-card offset\">\r\n        <div class=\"core-icon\"><i class=\"fa-solid fa-people-group\"><\/i><\/div>\r\n        <h3 class=\"core-heading\">\u771f\u8bda\u4e0e\u8bda\u4fe1<\/h3>\r\n        <p class=\"core-desc\">\r\n          \u6211\u4eec\u91cd\u89c6\u5f85\u4eba\u771f\u8bda\u4e0e\u54a8\u8be2\u8bda\u4fe1\uff0c\u59cb\u7ec8\u5c06\u5ba2\u6237\u7684\u957f\u671f\u5229\u76ca\u653e\u5728\u9996\u4f4d\u3002\r\n        <\/p>\r\n      <\/article>\r\n\r\n      <!-- Card 2 -->\r\n      <article class=\"core-card\">\r\n        <div class=\"core-icon\"><i class=\"fa-solid fa-handshake\"><\/i><\/div>\r\n        <h3 class=\"core-heading\">\u5206\u4eab<\/h3>\r\n        <p class=\"core-desc\">\r\n          WEFLY \u0111\u1ed3ng h\u00e0nh c\u00f9ng kh\u00e1ch h\u00e0ng trong m\u1ecdi h\u00e0nh tr\u00ecnh, chia s\u1ebb kh\u00f3 kh\u0103n v\u00e0 r\u1ee7i ro, h\u01b0\u1edbng t\u1edbi m\u1ee5c ti\u00eau b\u1ea3o v\u1ec7 t\u00e0i s\u1ea3n tr\u00ed tu\u1ec7 v\u00e0 kinh doanh b\u1ec1n v\u1eefng.\r\n        <\/p>\r\n      <\/article>\r\n\r\n      <!-- Card 3 -->\r\n      <article class=\"core-card offset\">\r\n        <div class=\"core-icon\"><i class=\"fa-solid fa-briefcase-clock\"><\/i><\/div>\r\n        <h3 class=\"core-heading\">\u9ad8\u6548\u4e0e\u53ca\u65f6<\/h3>\r\n        <p class=\"core-desc\">\r\n          WEFLY\u627f\u8bfa\u63d0\u4f9b\u5207\u5b9e\u53ef\u884c\u3001\u8fc5\u901f\u9ad8\u6548\u7684\u89e3\u51b3\u65b9\u6848\uff0c\u5e2e\u52a9\u5ba2\u6237\u4f18\u5316\u7ee9\u6548\u5e76\u6293\u4f4f\u6bcf\u4e00\u4e2a\u5546\u673a\u3002\r\n        <\/p>\r\n      <\/article>\r\n    <\/div>\r\n  <\/div>\r\n<\/section>\r\n\r\n<!-- Font Awesome (n\u1ebfu site b\u1ea1n ch\u01b0a c\u00f3) -->\r\n<link rel=\"stylesheet\" href=\"https:\/\/cdnjs.cloudflare.com\/ajax\/libs\/font-awesome\/6.5.0\/css\/all.min.css\">\r\n\t\t\t\t<\/div>\n\t\t\t\t<\/div>\n\t\t\t\t\t<\/div>\n\t\t\t\t<\/div>\n\t\t<div class=\"elementor-element elementor-element-02c6a3e e-flex e-con-boxed e-con e-parent\" data-id=\"02c6a3e\" data-element_type=\"container\">\n\t\t\t\t\t<div class=\"e-con-inner\">\n\t\t\t\t<div class=\"elementor-element elementor-element-dfa7bb2 elementor-widget elementor-widget-html\" data-id=\"dfa7bb2\" data-element_type=\"widget\" data-widget_type=\"html.default\">\n\t\t\t\t<div class=\"elementor-widget-container\">\n\t\t\t\t\t<section class=\"services-section\">\r\n  <h2 class=\"section-title\">\u4e1a\u52a1\u9886\u57df <\/h2>\r\n  <div class=\"services-grid\">\r\n    \r\n    <div class=\"service-box hover-box\">\r\n      <div class=\"icon\"><i class=\"fas fa-building\"><\/i><\/div>\r\n      <h3>\u516c\u53f8\u8bbe\u7acb<\/h3>\r\n      <ul>\r\n        <li>\u4f01\u4e1a\u6ce8\u518c\u3001\u53d8\u66f4\u4e0e\u8f6c\u8ba9<\/li>\r\n        <li>\u6761\u5f62\u7801\u6ce8\u518c<\/li>\r\n        <li>ISO\u8ba4\u8bc1\u53ca\u8d28\u91cf\u6807\u51c6<\/li>\r\n      <\/ul>\r\n      <a href=\"https:\/\/weflyip.com\/zh\/dich-vu\/#thanhlapcongty\" class=\"more-link\">\u67e5\u770b\u8be6\u60c5 &gt;&gt;<\/a>\r\n    <\/div>\r\n\r\n    <div class=\"service-box hover-box\">\r\n      <div class=\"icon\"><i class=\"fas fa-fingerprint\"><\/i><\/div>\r\n      <h3>\u77e5\u8bc6\u4ea7\u6743<\/h3>\r\n      <ul>\r\n        <li>\u5546\u6807\u4e0e\u8457\u4f5c\u6743\u6ce8\u518c<\/li>\r\n        <li>\u4e13\u5229\u53ca\u5de5\u4e1a\u8bbe\u8ba1\u6ce8\u518c\u7b49<\/li>\r\n        <li>\u6743\u5229\u8f6c\u8ba9\u3001\u8bb8\u53ef\u4e0e\u4fb5\u6743\u5904\u7406<\/li>\r\n      <\/ul>\r\n      <a href=\"https:\/\/weflyip.com\/zh\/dich-vu\/#sohuutritue\" class=\"more-link\">\u67e5\u770b\u8be6\u60c5 &gt;&gt;<\/a>\r\n    <\/div>\r\n\r\n    <div class=\"service-box hover-box\">\r\n      <div class=\"icon\"><i class=\"fas fa-file-contract\"><\/i><\/div>\r\n      <h3>\u4f01\u4e1a\u6cd5\u5f8b\u670d\u52a1<\/h3>\r\n      <ul>\r\n        <li>\u5408\u540c\u8d77\u8349\u4e0e\u5ba1\u67e5<\/li>\r\n        <li>\u4f01\u4e1a\u8fd0\u8425\u4e2d\u7684\u6cd5\u5f8b\u5408\u89c4<\/li>\r\n        <li>\u7ea0\u7eb7\u89e3\u51b3\u4e0e\u6cd5\u5f8b\u6267\u884c<\/li>\r\n      <\/ul>\r\n      <a href=\"https:\/\/weflyip.com\/zh\/dich-vu\/#sohuutritue\" class=\"more-link\">\u67e5\u770b\u8be6\u60c5 &gt;&gt;<\/a>\r\n    <\/div>\r\n\r\n    <div class=\"service-box hover-box\">\r\n      <div class=\"icon\"><i class=\"fas fa-handshake\"><\/i><\/div>\r\n      <h3>\u6295\u8d44\u54a8\u8be2<\/h3>\r\n      <ul>\r\n        <li>\u5916\u8d44\u4f01\u4e1a\u5728\u8d8a\u5357 \/ \u8d8a\u5357\u4f01\u4e1a\u5728\u6d77\u5916<\/li>\r\n        <li>\u6295\u8d44\u6218\u7565\u4e0e\u6295\u8d44\u8bb8\u53ef<\/li>\r\n        <li>\u4f01\u4e1a\u5e76\u8d2d <\/li>\r\n      <\/ul>\r\n      <a href=\"https:\/\/weflyip.com\/zh\/dich-vu\/#tuvandautu\" class=\"more-link\">\u67e5\u770b\u8be6\u60c5 &gt;&gt;<\/a>\r\n    <\/div>\r\n\r\n  <\/div>\r\n<\/section>\r\n\t\t\t\t<\/div>\n\t\t\t\t<\/div>\n\t\t\t\t\t<\/div>\n\t\t\t\t<\/div>\n\t\t\t\t<\/div>","protected":false},"excerpt":{"rendered":"<p>Chuy\u00ean gia S\u1edf h\u1eefu tr\u00ed tu\u1ec7t\u1ea1i th\u1ecb tr\u01b0\u1eddng Vi\u1ec7t Nam v\u00e0 qu\u1ed1c t\u1ebf T\u00ecm hi\u1ec3u ngay B\u1ea3o v\u1ec7 doanh nghi\u1ec7p, v\u1eefng b\u01b0\u1edbc v\u01b0\u01a1n xa V\u0169 Th\u1ecb Li\u1ec7u &#8211; Founder &#038; CEO c\u1ee7a Wefly &#8220;Trong h\u01a1n 12 n\u0103m kinh nghi\u1ec7m t\u01b0 v\u1ea5n v\u00e0 b\u1ea3o v\u1ec7 quy\u1ec1n S\u1edf h\u1eefu tr\u00ed tu\u1ec7, t\u00f4i \u0111\u00e3 \u0111\u1ed3ng h\u00e0nh c\u00f9ng kh\u00e1ch [&hellip;]<\/p>","protected":false},"author":1,"featured_media":0,"parent":0,"menu_order":0,"comment_status":"closed","ping_status":"closed","template":"","meta":{"inline_featured_image":false,"footnotes":""},"class_list":["post-63","page","type-page","status-publish","hentry"],"_links":{"self":[{"href":"https:\/\/weflyip.com\/zh\/wp-json\/wp\/v2\/pages\/63","targetHints":{"allow":["GET"]}}],"collection":[{"href":"https:\/\/weflyip.com\/zh\/wp-json\/wp\/v2\/pages"}],"about":[{"href":"https:\/\/weflyip.com\/zh\/wp-json\/wp\/v2\/types\/page"}],"author":[{"embeddable":true,"href":"https:\/\/weflyip.com\/zh\/wp-json\/wp\/v2\/users\/1"}],"replies":[{"embeddable":true,"href":"https:\/\/weflyip.com\/zh\/wp-json\/wp\/v2\/comments?post=63"}],"version-history":[{"count":232,"href":"https:\/\/weflyip.com\/zh\/wp-json\/wp\/v2\/pages\/63\/revisions"}],"predecessor-version":[{"id":2451,"href":"https:\/\/weflyip.com\/zh\/wp-json\/wp\/v2\/pages\/63\/revisions\/2451"}],"wp:attachment":[{"href":"https:\/\/weflyip.com\/zh\/wp-json\/wp\/v2\/media?parent=63"}],"curies":[{"name":"wp","href":"https:\/\/api.w.org\/{rel}","templated":true}]}}